{"id":134,"date":"2017-10-21T08:24:19","date_gmt":"2017-10-21T06:24:19","guid":{"rendered":"http:\/\/antjefuss.de\/?page_id=134"},"modified":"2026-03-18T21:02:30","modified_gmt":"2026-03-18T19:02:30","slug":"aktuelles","status":"publish","type":"page","link":"https:\/\/antjefuss.de\/?page_id=134","title":{"rendered":"Aktuelles"},"content":{"rendered":"\n<p class=\"has-text-align-left has-dark-gray-color has-text-color\" style=\"font-size:15px\"><strong>Das wiedergefundene Licht \/\/ Edition 2025 <\/strong><\/p>\n\n\n\n<figure class=\"wp-block-image size-large is-resized\"><img decoding=\"async\" loading=\"lazy\" src=\"https:\/\/antjefuss.de\/wp-7bbc5-content\/uploads\/2025\/12\/IMG_3619-1024x1009.jpg\" alt=\"\" class=\"wp-image-337\" width=\"500\" height=\"500\"\/><\/figure>\n\n\n\n<p><\/p>\n\n\n\n<p style=\"font-size:12px\">Liebe Kunstinteressierte,<\/p>\n\n\n\n<p style=\"font-size:12px\">seit einiger Zeit begleitet mich eine kleine rot-wei\u00dfe Lampe, die viele Jahre&nbsp;in einem alten Fabrikgeb\u00e4ude hinter Ger\u00fcmpel versteckt und von mir wiederentdeckt wurde.<\/p>\n\n\n\n<p style=\"font-size:12px\">Seit dem findet sie immer wieder Raum in meiner k\u00fcnstlerischen Arbeit.<\/p>\n\n\n\n<p style=\"font-size:12px\">Weil mich die kleine Lampe so begeistert und ich finde, dass wir nicht nur in dieser dunklen&nbsp;Jahreszeit mehr Licht gebrauchen k\u00f6nnen, biete ich dieses Jahr&nbsp;<strong>eine kleine,<\/strong>&nbsp;<strong>limitierte Edition&nbsp;von 15 \u201ewiedergefundenen Lichtern\u201c&nbsp;<\/strong>an.  (Gr\u00f6\u00dfe inkl. Rahmen ca. 20\/20 cm)<\/p>\n\n\n\n<p style=\"font-size:12px\">Wer eines davon haben m\u00f6chte, kann dieses\u00a0zu einem Preis von 160 \u20ac erwerben. (F\u00fcr einen versicherten Versand kommen 20 \u20ac hinzu.)<\/p>\n\n\n\n<p style=\"font-size:12px\">Mit herzlichen Gr\u00fc\u00dfen, Antje Fu\u00df<\/p>\n\n\n\n<p style=\"font-size:12px\"><\/p>\n\n\n\n<p><\/p>\n\n\n\n<h2>Kataloge:<\/h2>\n\n\n<p><a href=\"http:\/\/antjefuss.de\/wp-7bbc5-content\/uploads\/2018\/07\/antje-fuss-katalog2.jpg\"><img decoding=\"async\" loading=\"lazy\" class=\"alignnone size-full wp-image-164\" src=\"http:\/\/antjefuss.de\/wp-7bbc5-content\/uploads\/2018\/07\/antje-fuss-katalog2.jpg\" alt=\"antje-fuss-katalog2\" width=\"665\" height=\"911\" srcset=\"https:\/\/antjefuss.de\/wp-7bbc5-content\/uploads\/2018\/07\/antje-fuss-katalog2.jpg 665w, https:\/\/antjefuss.de\/wp-7bbc5-content\/uploads\/2018\/07\/antje-fuss-katalog2-219x300.jpg 219w, https:\/\/antjefuss.de\/wp-7bbc5-content\/uploads\/2018\/07\/antje-fuss-katalog2-624x855.jpg 624w\" sizes=\"(max-width: 665px) 100vw, 665px\" \/><\/a><\/p>\n<p><strong>Antje Fu\u00df,&#8221;AUCH DAS NOCH&#8221;, Katalog, 24 Seiten<\/strong><br>Den Katalog k\u00f6nnen Sie f\u00fcr 5 Euro plus 2 Euro Versandkosten per E-Mail bestellen: antjefuss.bonn@web.de<\/p>\n<p>&nbsp;<\/p>\n<p>&nbsp;<\/p>\n<p><a href=\"http:\/\/antjefuss.de\/wp-7bbc5-content\/uploads\/2017\/10\/antje-cover-okt-14.jpg\"><img decoding=\"async\" loading=\"lazy\" class=\"alignnone size-large wp-image-133\" src=\"http:\/\/antjefuss.de\/wp-7bbc5-content\/uploads\/2017\/10\/antje-cover-okt-14-726x1024.jpg\" alt=\"antje umschlag2.indd\" width=\"625\" height=\"882\" srcset=\"https:\/\/antjefuss.de\/wp-7bbc5-content\/uploads\/2017\/10\/antje-cover-okt-14-726x1024.jpg 726w, https:\/\/antjefuss.de\/wp-7bbc5-content\/uploads\/2017\/10\/antje-cover-okt-14-213x300.jpg 213w, https:\/\/antjefuss.de\/wp-7bbc5-content\/uploads\/2017\/10\/antje-cover-okt-14-768x1084.jpg 768w, https:\/\/antjefuss.de\/wp-7bbc5-content\/uploads\/2017\/10\/antje-cover-okt-14-624x880.jpg 624w, https:\/\/antjefuss.de\/wp-7bbc5-content\/uploads\/2017\/10\/antje-cover-okt-14.jpg 1655w\" sizes=\"(max-width: 625px) 100vw, 625px\" \/><\/a><\/p>\n<p><strong>Antje Fu\u00df, Katalog, 50 Seiten<\/strong><br>Den Katalog k\u00f6nnen Sie f\u00fcr 10 Euro plus 2 Euro Versandkosten per E-Mail bestellen: antjefuss.bonn@web.de<\/p>","protected":false},"excerpt":{"rendered":"<p>Das wiedergefundene Licht \/\/ Edition 2025 Liebe Kunstinteressierte, seit einiger Zeit begleitet mich eine kleine rot-wei\u00dfe Lampe, die viele Jahre&nbsp;in einem alten Fabrikgeb\u00e4ude hinter Ger\u00fcmpel versteckt und von mir wiederentdeckt wurde. Seit dem findet sie immer wieder Raum in meiner k\u00fcnstlerischen Arbeit. Weil mich die kleine Lampe so begeistert und ich finde, dass wir nicht [&hellip;]<\/p>\n","protected":false},"author":3,"featured_media":0,"parent":0,"menu_order":0,"comment_status":"closed","ping_status":"closed","template":"","meta":{"ngg_post_thumbnail":0},"_links":{"self":[{"href":"https:\/\/antjefuss.de\/index.php?rest_route=\/wp\/v2\/pages\/134"}],"collection":[{"href":"https:\/\/antjefuss.de\/index.php?rest_route=\/wp\/v2\/pages"}],"about":[{"href":"https:\/\/antjefuss.de\/index.php?rest_route=\/wp\/v2\/types\/page"}],"author":[{"embeddable":true,"href":"https:\/\/antjefuss.de\/index.php?rest_route=\/wp\/v2\/users\/3"}],"replies":[{"embeddable":true,"href":"https:\/\/antjefuss.de\/index.php?rest_route=%2Fwp%2Fv2%2Fcomments&post=134"}],"version-history":[{"count":54,"href":"https:\/\/antjefuss.de\/index.php?rest_route=\/wp\/v2\/pages\/134\/revisions"}],"predecessor-version":[{"id":346,"href":"https:\/\/antjefuss.de\/index.php?rest_route=\/wp\/v2\/pages\/134\/revisions\/346"}],"wp:attachment":[{"href":"https:\/\/antjefuss.de\/index.php?rest_route=%2Fwp%2Fv2%2Fmedia&parent=134"}],"curies":[{"name":"wp","href":"https:\/\/api.w.org\/{rel}","templated":true}]}}